{"id":350,"date":"2023-07-25T09:45:38","date_gmt":"2023-07-25T09:45:38","guid":{"rendered":"https:\/\/carnisseriavilafranca.com\/politica-de-cookies\/"},"modified":"2023-07-25T09:45:38","modified_gmt":"2023-07-25T09:45:38","slug":"politica-de-cookies","status":"publish","type":"page","link":"https:\/\/carnisseriavilafranca.com\/es\/politica-de-cookies\/","title":{"rendered":"Pol\u00edtica de cookies"},"content":{"rendered":"<div class=\"cli_pg_page_contaner\">\n<div>Esta Pol\u00edtica de Cookies explica qu\u00e9 son las cookies y c\u00f3mo las utilizamos. Debe leer esta pol\u00edtica para entender qu\u00e9 son las cookies, c\u00f3mo las utilizamos, los tipos de cookies que utilizamos, es decir, la informaci\u00f3n que recopilamos mediante cookies y c\u00f3mo se utiliza esta informaci\u00f3n y c\u00f3mo controlar las preferencias de las cookies. Para obtener m\u00e1s informaci\u00f3n sobre c\u00f3mo utilizamos, almacenamos y mantenemos sus datos personales seguros, consulte nuestra Pol\u00edtica de privacidad. En cualquier momento puede cambiar o retirar su consentimiento de la Declaraci\u00f3n de Cookies de nuestro sitio web.<\/p>\n<p>Obtenga m\u00e1s informaci\u00f3n sobre qui\u00e9nes somos, c\u00f3mo puede contactar con nosotros y c\u00f3mo procesamos los datos personales en nuestra Pol\u00edtica de privacidad.<\/p>\n<p>Su consentimiento se aplica a los siguientes dominios: carnisseriavilafranca.com<\/p>\n<p>[user_consent_state]<\/p>\n<\/div>\n<h3>\u00bfQu\u00e9 son las cookies?<\/h3>\n<div>Las cookies son peque\u00f1os archivos de texto que se utilizan para almacenar peque\u00f1as piezas de informaci\u00f3n. Las cookies se almacenan en su dispositivo cuando se carga el sitio web en su navegador. Estas cookies nos ayudan a que el sitio web funcione correctamente, a hacerlo m\u00e1s seguro, a ofrecer una mejor experiencia de usuario, y a entender c\u00f3mo funciona el sitio web y analizar qu\u00e9 funciona y d\u00f3nde mejorar.<\/div>\n<h3>\u00bfC\u00f3mo hacemos servir las cookies?<\/h3>\n<div>Como la mayor\u00eda de los servicios online, nuestro sitio web utiliza cookies propias y de terceros para diversos prop\u00f3sitos. Las cookies propias son b\u00e1sicamente necesarias para que el sitio web funcione correctamente y no recogen ninguno de sus datos de identificaci\u00f3n personal. Las cookies de terceros que se utilizan en nuestros sitios web se utilizan principalmente para entender c\u00f3mo funciona el sitio web, como interact\u00fae con nuestro sitio web, mantener seguros nuestros servicios, ofrecer anuncios relevantes para usted y, todo ello, ofrecerle una experiencia de usuario mejor y mejorada y ayudarle a acelerar sus futuras interacciones con nuestro sitio web.<\/p>\n<\/div>\n<h3>\u00bfQu\u00e9 tipos de cookies utilizamos?<\/h3>\n<div>Las cookies utilizadas en nuestro sitio web se agrupan en las siguientes categor\u00edas.<br \/>\n[cookie_category]<br \/>\nLa siguiente lista detalla las cookies utilizadas en nuestro sitio web.[cookie_audit_category columns=\u00bbcookie,description\u00bb]<\/div>\n<h3>\u00bfC\u00f3mo puedo controlar las preferencias de cookies?<\/h3>\n<div>Puede gestionar sus preferencias de cookies haciendo clic en el bot\u00f3n \u201cConfiguraci\u00f3n\u201d y activando o desactivando las categor\u00edas de cookies en la ventana emergente seg\u00fan sus preferencias. Si decides cambiar tus preferencias m\u00e1s tarde durante tu sesi\u00f3n de navegaci\u00f3n, puedes hacer clic en la pesta\u00f1a \u201cGestiona el consentimiento\u201d de tu pantalla. Esto volver\u00e1 a mostrar el aviso de consentimiento que le permitir\u00e1 cambiar sus preferencias o retirar su consentimiento completamente.<\/p>\n<p>Adem\u00e1s de esto, distintos navegadores ofrecen distintos m\u00e9todos para bloquear y eliminar las cookies utilizadas por los sitios web. Puede cambiar la configuraci\u00f3n de su navegador para bloquear\/eliminar las cookies. Para obtener m\u00e1s informaci\u00f3n sobre c\u00f3mo gestionar y eliminar las cookies, visite wikipedia.org, www.allaboutcookies.org.<\/p>\n<\/div>\n<p>[webtoffee_powered_by]<\/p>\n<\/div>\n","protected":false},"excerpt":{"rendered":"<p>Esta Pol\u00edtica de Cookies explica qu\u00e9 son las cookies y c\u00f3mo las utilizamos. Debe leer esta pol\u00edtica para entender qu\u00e9 son las cookies, c\u00f3mo las utilizamos, los tipos de cookies que utilizamos, es decir, la informaci\u00f3n que recopilamos mediante cookies y c\u00f3mo se utiliza esta informaci\u00f3n y c\u00f3mo controlar las preferencias de las cookies. Para [&hellip;]<\/p>\n","protected":false},"author":1,"featured_media":0,"parent":0,"menu_order":0,"comment_status":"closed","ping_status":"closed","template":"","meta":{"_et_pb_use_builder":"off","_et_pb_old_content":"","_et_gb_content_width":"","footnotes":""},"dipi_cpt_category":[],"class_list":["post-350","page","type-page","status-publish","hentry"],"_links":{"self":[{"href":"https:\/\/carnisseriavilafranca.com\/es\/wp-json\/wp\/v2\/pages\/350","targetHints":{"allow":["GET"]}}],"collection":[{"href":"https:\/\/carnisseriavilafranca.com\/es\/wp-json\/wp\/v2\/pages"}],"about":[{"href":"https:\/\/carnisseriavilafranca.com\/es\/wp-json\/wp\/v2\/types\/page"}],"author":[{"embeddable":true,"href":"https:\/\/carnisseriavilafranca.com\/es\/wp-json\/wp\/v2\/users\/1"}],"replies":[{"embeddable":true,"href":"https:\/\/carnisseriavilafranca.com\/es\/wp-json\/wp\/v2\/comments?post=350"}],"version-history":[{"count":0,"href":"https:\/\/carnisseriavilafranca.com\/es\/wp-json\/wp\/v2\/pages\/350\/revisions"}],"wp:attachment":[{"href":"https:\/\/carnisseriavilafranca.com\/es\/wp-json\/wp\/v2\/media?parent=350"}],"wp:term":[{"taxonomy":"dipi_cpt_category","embeddable":true,"href":"https:\/\/carnisseriavilafranca.com\/es\/wp-json\/wp\/v2\/dipi_cpt_category?post=350"}],"curies":[{"name":"wp","href":"https:\/\/api.w.org\/{rel}","templated":true}]}}