{"id":449,"date":"2023-07-24T06:45:55","date_gmt":"2023-07-24T06:45:55","guid":{"rendered":"https:\/\/carnisseriavilafranca.com\/carnisseria-xarcuteria-vilafranca\/"},"modified":"2024-01-11T14:52:11","modified_gmt":"2024-01-11T14:52:11","slug":"carnisseria-xarcuteria-vilafranca","status":"publish","type":"page","link":"https:\/\/carnisseriavilafranca.com\/es\/","title":{"rendered":"Carnisseria Xarcuteria Vilafranca"},"content":{"rendered":"<p>[et_pb_section fb_built=\u00bb1&#8243; _builder_version=\u00bb4.21.0&#8243; _module_preset=\u00bb573fb73d-4244-478b-9e4b-f0945e65ef5f\u00bb background_image=\u00bbhttps:\/\/carnisseriavilafranca.com\/wp-content\/uploads\/2024\/01\/portada-carnisseria-xarcuteria-vilafranca1.jpg\u00bb min_height=\u00bb600px\u00bb custom_padding=\u00bb0px|1px|||false|false\u00bb hover_enabled=\u00bb0&#8243; global_colors_info=\u00bb{}\u00bb alt=\u00bbCarnisseria Xarcuteria Vilafranca del Pened\u00e8s\u00bb title_text=\u00bbCarnisseria Xarcuteria Vilafranca del Pened\u00e8s\u00bb sticky_enabled=\u00bb0&#8243;][\/et_pb_section][et_pb_section fb_built=\u00bb1&#8243; _builder_version=\u00bb4.21.0&#8243; _module_preset=\u00bbdefault\u00bb background_color=\u00bb#363F3F\u00bb global_colors_info=\u00bb{}\u00bb][et_pb_row _builder_version=\u00bb4.21.0&#8243; _module_preset=\u00bbdefault\u00bb custom_padding=\u00bb0px||0px|||\u00bb global_colors_info=\u00bb{}\u00bb][et_pb_column type=\u00bb4_4&#8243; _builder_version=\u00bb4.21.0&#8243; _module_preset=\u00bbdefault\u00bb global_colors_info=\u00bb{}\u00bb][et_pb_text _builder_version=\u00bb4.21.0&#8243; _module_preset=\u00bbdefault\u00bb background_layout=\u00bbdark\u00bb global_colors_info=\u00bb{}\u00bb]<\/p>\n<h1>Una carnicer\u00eda con trato personalizado<\/h1>\n<p>Te ayudamos a comer de forma saludable con innovaci\u00f3n, creatividad y carnes de m\u00e1xima calidad.<\/p>\n<p>[\/et_pb_text][\/et_pb_column][\/et_pb_row][\/et_pb_section][et_pb_section fb_built=\u00bb1&#8243; _builder_version=\u00bb4.21.0&#8243; _module_preset=\u00bb573fb73d-4244-478b-9e4b-f0945e65ef5f\u00bb custom_padding=\u00bb90px||||false|false\u00bb global_colors_info=\u00bb{}\u00bb][et_pb_row column_structure=\u00bb1_4,1_4,1_4,1_4&#8243; use_custom_gutter=\u00bbon\u00bb _builder_version=\u00bb4.21.0&#8243; _module_preset=\u00bbdefault\u00bb max_width_tablet=\u00bb300px\u00bb max_width_phone=\u00bb300px\u00bb max_width_last_edited=\u00bbon|tablet\u00bb global_colors_info=\u00bb{}\u00bb][et_pb_column type=\u00bb1_4&#8243; _builder_version=\u00bb4.21.0&#8243; _module_preset=\u00bbe7e4c287-17e3-463c-98a7-45cda5df26e2&#8243; global_colors_info=\u00bb{}\u00bb][et_pb_image src=\u00bbhttps:\/\/carnisseriavilafranca.com\/wp-content\/uploads\/2023\/07\/llom-preaparat-e1690183442191.jpg\u00bb title_text=\u00bblomo-preaparado\u00bb _builder_version=\u00bb4.21.0&#8243; _module_preset=\u00bb00207b6e-2e99-4f11-be18-3ed756490be8&#8243; global_colors_info=\u00bb{}\u00bb][\/et_pb_image][et_pb_cta title=\u00bbElaborados\u00bb button_url=\u00bb\/es\/productos\/#elaborats\u00bb button_text=\u00bbVer productos\u00bb _builder_version=\u00bb4.21.0&#8243; _module_preset=\u00bb27de3a70-e0ec-4d39-af33-14f6b81d1577&#8243; link_option_url=\u00bb\/es\/productos\/#elaborats\u00bb global_colors_info=\u00bb{}\u00bb]<\/p>\n<p>El producto m\u00e1s fresco y la mejor calidad.<\/p>\n<p>[\/et_pb_cta][\/et_pb_column][et_pb_column type=\u00bb1_4&#8243; _builder_version=\u00bb4.21.0&#8243; _module_preset=\u00bbb712d8ba-993b-4bc0-984f-3aea58f8425a\u00bb background_color=\u00bb#F5F5F5&#8243; custom_padding=\u00bb0px|0px|0px|0px|false|false\u00bb global_colors_info=\u00bb{}\u00bb][et_pb_image src=\u00bbhttps:\/\/carnisseriavilafranca.com\/wp-content\/uploads\/2023\/07\/costella-entrecot-e1690183502932.jpg\u00bb title_text=\u00bbcostilla-entrecot\u00bb align=\u00bbcenter\u00bb force_fullwidth=\u00bbon\u00bb _builder_version=\u00bb4.21.0&#8243; _module_preset=\u00bbdefault\u00bb global_colors_info=\u00bb{}\u00bb][\/et_pb_image][et_pb_cta title=\u00bbCarnicer\u00eda\u00bb button_url=\u00bb\/es\/productos\/#carnisseria\u00bb button_text=\u00bbVer productos\u00bb _builder_version=\u00bb4.21.0&#8243; _module_preset=\u00bb5f29021b-6fa4-4322-b765-d3b681b27a6a\u00bb background_layout=\u00bblight\u00bb custom_padding=\u00bb0px|20px|30px|20px|false|false\u00bb link_option_url=\u00bb\/es\/productos\/#carnisseria\u00bb global_colors_info=\u00bb{}\u00bb]<\/p>\n<p>El producto m\u00e1s fresco y la mejor calidad.<\/p>\n<p>[\/et_pb_cta][\/et_pb_column][et_pb_column type=\u00bb1_4&#8243; _builder_version=\u00bb4.21.0&#8243; _module_preset=\u00bbb712d8ba-993b-4bc0-984f-3aea58f8425a\u00bb background_color=\u00bb#F5F5F5&#8243; custom_padding=\u00bb0px|0px|0px|0px|false|false\u00bb global_colors_info=\u00bb{}\u00bb][et_pb_image src=\u00bbhttps:\/\/carnisseriavilafranca.com\/wp-content\/uploads\/2023\/07\/xarcuteriavilafrancabotiga-carnisseriavilafranca-carn-farcitdepollastre-pernils-e1690183636221.jpg\u00bb title_text=\u00bbxarcuteriavilafrancabotiga-carnisseriavilafranca-carn-farcitdepollastre-pernils\u00bb align=\u00bbcenter\u00bb force_fullwidth=\u00bbon\u00bb _builder_version=\u00bb4.21.0&#8243; _module_preset=\u00bbdefault\u00bb global_colors_info=\u00bb{}\u00bb][\/et_pb_image][et_pb_cta title=\u00bbCharcuter\u00eda\u00bb button_url=\u00bb\/es\/productos\/#xarcuteria\u00bb button_text=\u00bbVer productos\u00bb _builder_version=\u00bb4.21.0&#8243; _module_preset=\u00bb5f29021b-6fa4-4322-b765-d3b681b27a6a\u00bb background_layout=\u00bblight\u00bb custom_padding=\u00bb0px|20px|30px|20px|false|false\u00bb link_option_url=\u00bb\/es\/productos\/#xarcuteria\u00bb global_colors_info=\u00bb{}\u00bb]<\/p>\n<p>El producto m\u00e1s fresco y la mejor calidad.<\/p>\n<p>[\/et_pb_cta][\/et_pb_column][et_pb_column type=\u00bb1_4&#8243; _builder_version=\u00bb4.21.0&#8243; _module_preset=\u00bbb712d8ba-993b-4bc0-984f-3aea58f8425a\u00bb background_color=\u00bb#F5F5F5&#8243; custom_padding=\u00bb0px|0px|0px|0px|false|false\u00bb global_colors_info=\u00bb{}\u00bb][et_pb_image src=\u00bbhttps:\/\/carnisseriavilafranca.com\/wp-content\/uploads\/2023\/07\/assortit-de-productes-gourmet-del-dia-a-dia-carnisseria-vilafranca-e1690183687932.jpg\u00bb title_text=\u00bbassortit-de-productes-gourmet-del-dia-a-dia-carnisseria-vilafranca\u00bb align=\u00bbcenter\u00bb force_fullwidth=\u00bbon\u00bb _builder_version=\u00bb4.21.0&#8243; _module_preset=\u00bbdefault\u00bb global_colors_info=\u00bb{}\u00bb][\/et_pb_image][et_pb_cta title=\u00bbDespensa\u00bb button_url=\u00bb\/es\/productos\/#rebost\u00bb button_text=\u00bbVer productos\u00bb _builder_version=\u00bb4.21.0&#8243; _module_preset=\u00bb5f29021b-6fa4-4322-b765-d3b681b27a6a\u00bb background_layout=\u00bblight\u00bb custom_padding=\u00bb0px|20px|30px|20px|false|false\u00bb link_option_url=\u00bb\/es\/productos\/#rebost\u00bb global_colors_info=\u00bb{}\u00bb]<\/p>\n<p>Surtido de productos gourmet y del d\u00eda a d\u00eda<\/p>\n<p>[\/et_pb_cta][\/et_pb_column][\/et_pb_row][\/et_pb_section][et_pb_section fb_built=\u00bb1&#8243; _builder_version=\u00bb4.20.2&#8243; _module_preset=\u00bb573fb73d-4244-478b-9e4b-f0945e65ef5f\u00bb global_colors_info=\u00bb{}\u00bb][et_pb_row column_structure=\u00bb1_2,1_2&#8243; make_equal=\u00bbon\u00bb _builder_version=\u00bb4.21.0&#8243; _module_preset=\u00bbdefault\u00bb custom_css_main_element=\u00bbalign-items:center\u00bb global_colors_info=\u00bb{}\u00bb][et_pb_column type=\u00bb1_2&#8243; _builder_version=\u00bb4.20.2&#8243; _module_preset=\u00bb27c7791e-96a5-47e4-a24d-2f375fb824c5&#8243; global_colors_info=\u00bb{}\u00bb][et_pb_image src=\u00bbhttps:\/\/carnisseriavilafranca.com\/wp-content\/uploads\/2024\/01\/qui-som-carniseria-xarcuteria-vilafranca1.jpg\u00bb title_text=\u00bbQuienes somos en Carnisseria Xarcuteria Vilafranca del Pened\u00e8s\u00bb _builder_version=\u00bb4.21.0&#8243; _module_preset=\u00bbdefault\u00bb hover_enabled=\u00bb0&#8243; global_colors_info=\u00bb{}\u00bb alt=\u00bbQuienes somos en Carnisseria Xarcuteria Vilafranca del Pened\u00e8s\u00bb sticky_enabled=\u00bb0&#8243;][\/et_pb_image][\/et_pb_column][et_pb_column type=\u00bb1_2&#8243; _builder_version=\u00bb4.20.2&#8243; _module_preset=\u00bb27c7791e-96a5-47e4-a24d-2f375fb824c5&#8243; global_colors_info=\u00bb{}\u00bb][et_pb_text _builder_version=\u00bb4.21.0&#8243; _module_preset=\u00bbdefault\u00bb global_colors_info=\u00bb{}\u00bb]<\/p>\n<h2>Qui\u00e9nes somos<\/h2>\n<p>Somos tu carnicer\u00eda y charcuter\u00eda de Vilafranca del Pened\u00e8s desde el a\u00f1o 2012. El alma de este negocio es Yolanda Gonz\u00e1lez, que cuenta con m\u00e1s de 20 a\u00f1os de experiencia en el sector c\u00e1rnico y en atenci\u00f3n al cliente.<\/p>\n<p>Nuestra prioridad es el producto de calidad y su origen. Trabajamos con el m\u00e1ximo de ganaderos y empresas de la zona del Pened\u00e8s para hacerte llegar las mejores carnes y embutidos, elaborados y platos cocinados.<\/p>\n<p>Damos un valor a\u00f1adido a nuestros productos a trav\u00e9s de la innovaci\u00f3n. Con nuestras elaboraciones artesanas te ofrecemos una comida saludable, de calidad, creativa y que guste a todos los miembros de la familia, peque\u00f1os y mayores.<\/p>\n<p>[\/et_pb_text][\/et_pb_column][\/et_pb_row][\/et_pb_section][et_pb_section fb_built=\u00bb1&#8243; _builder_version=\u00bb4.21.0&#8243; _module_preset=\u00bbdefault\u00bb custom_padding=\u00bb||90px|||\u00bb global_colors_info=\u00bb{}\u00bb][et_pb_row column_structure=\u00bb3_4,1_4&#8243; make_equal=\u00bbon\u00bb custom_padding_last_edited=\u00bbon|phone\u00bb _builder_version=\u00bb4.21.0&#8243; _module_preset=\u00bbdefault\u00bb background_color=\u00bb#363F3F\u00bb custom_padding=\u00bb60px|60px|60px|60px|false|false\u00bb custom_padding_tablet=\u00bb45px|45px|45px|45px|false|false\u00bb custom_padding_phone=\u00bb30px|30px|30px|30px|false|false\u00bb custom_css_main_element=\u00bbalign-items:Center\u00bb global_colors_info=\u00bb{}\u00bb][et_pb_column type=\u00bb3_4&#8243; _builder_version=\u00bb4.21.0&#8243; _module_preset=\u00bbdefault\u00bb global_colors_info=\u00bb{}\u00bb][et_pb_cta title=\u00bb\u00bfQuieres realizar la compra desde tu casa?\u00bb button_url=\u00bb@ET-DC@eyJkeW5hbWljIjp0cnVlLCJjb250ZW50IjoicG9zdF9saW5rX3VybF9wYWdlIiwic2V0dGluZ3MiOnsicG9zdF9pZCI6Ijc0In19@\u00bb button_text=\u00bbC\u00f3mo comprar\u00bb _builder_version=\u00bb4.21.0&#8243; _dynamic_attributes=\u00bbbutton_url\u00bb _module_preset=\u00bb_initial\u00bb body_link_text_color=\u00bb#FFFFFF\u00bb link_option_url=\u00bbhttps:\/\/wa.me\/34675748783&#8243; link_option_url_new_window=\u00bbon\u00bb global_colors_info=\u00bb{}\u00bb]\u00a1Nos encontrar\u00e1s en WhatsApp! Haz tu pedido a trav\u00e9s del siguiente enlace, lo prepararemos y podr\u00e1s venir a buscarlo dentro de nuestro horario: de lunes a viernes de 9 a 13.30 y de 17 a 20.30h. [\/et_pb_cta][\/et_pb_column][et_pb_column type=\u00bb1_4&#8243; _builder_version=\u00bb4.21.0&#8243; _module_preset=\u00bbdefault\u00bb global_colors_info=\u00bb{}\u00bb][et_pb_icon font_icon=\u00bb&#xf232;||fa||400&#8243; icon_color=\u00bb#25d366&#8243; icon_width=\u00bb140px\u00bb url=\u00bbhttps:\/\/wa.me\/34675748783&#8243; url_new_window=\u00bbon\u00bb _builder_version=\u00bb4.21.0&#8243; _module_preset=\u00bbdefault\u00bb global_colors_info=\u00bb{}\u00bb][\/et_pb_icon][\/et_pb_column][\/et_pb_row][\/et_pb_section]<\/p>\n","protected":false},"excerpt":{"rendered":"<p>Una carnicer\u00eda con trato personalizado Te ayudamos a comer de forma saludable con innovaci\u00f3n, creatividad y carnes de m\u00e1xima calidad.El producto m\u00e1s fresco y la mejor calidad.El producto m\u00e1s fresco y la mejor calidad.El producto m\u00e1s fresco y la mejor calidad.Surtido de productos gourmet y del d\u00eda a d\u00edaQui\u00e9nes somos Somos tu carnicer\u00eda y charcuter\u00eda [&hellip;]<\/p>\n","protected":false},"author":1,"featured_media":0,"parent":0,"menu_order":0,"comment_status":"closed","ping_status":"closed","template":"","meta":{"_et_pb_use_builder":"on","_et_pb_old_content":"","_et_gb_content_width":"","footnotes":""},"dipi_cpt_category":[],"class_list":["post-449","page","type-page","status-publish","hentry"],"_links":{"self":[{"href":"https:\/\/carnisseriavilafranca.com\/es\/wp-json\/wp\/v2\/pages\/449","targetHints":{"allow":["GET"]}}],"collection":[{"href":"https:\/\/carnisseriavilafranca.com\/es\/wp-json\/wp\/v2\/pages"}],"about":[{"href":"https:\/\/carnisseriavilafranca.com\/es\/wp-json\/wp\/v2\/types\/page"}],"author":[{"embeddable":true,"href":"https:\/\/carnisseriavilafranca.com\/es\/wp-json\/wp\/v2\/users\/1"}],"replies":[{"embeddable":true,"href":"https:\/\/carnisseriavilafranca.com\/es\/wp-json\/wp\/v2\/comments?post=449"}],"version-history":[{"count":7,"href":"https:\/\/carnisseriavilafranca.com\/es\/wp-json\/wp\/v2\/pages\/449\/revisions"}],"predecessor-version":[{"id":530,"href":"https:\/\/carnisseriavilafranca.com\/es\/wp-json\/wp\/v2\/pages\/449\/revisions\/530"}],"wp:attachment":[{"href":"https:\/\/carnisseriavilafranca.com\/es\/wp-json\/wp\/v2\/media?parent=449"}],"wp:term":[{"taxonomy":"dipi_cpt_category","embeddable":true,"href":"https:\/\/carnisseriavilafranca.com\/es\/wp-json\/wp\/v2\/dipi_cpt_category?post=449"}],"curies":[{"name":"wp","href":"https:\/\/api.w.org\/{rel}","templated":true}]}}